{"id":393,"date":"2022-11-21T10:30:13","date_gmt":"2022-11-21T10:30:13","guid":{"rendered":"https:\/\/pelsoartapartmanok.hu\/?page_id=393"},"modified":"2022-11-22T13:29:24","modified_gmt":"2022-11-22T13:29:24","slug":"impresszum","status":"publish","type":"page","link":"https:\/\/pelsoartapartmanok.hu\/de\/impresszum\/","title":{"rendered":"Impressum"},"content":{"rendered":"<p>[et_pb_section fb_built=&#8221;1&#8243; admin_label=&#8221;Gallery&#8221; _builder_version=&#8221;4.17.6&#8243; _module_preset=&#8221;default&#8221; background_color=&#8221;#FAF5EF&#8221; collapsed=&#8221;on&#8221; global_colors_info=&#8221;{}&#8221;][et_pb_row _builder_version=&#8221;4.17.6&#8243; _module_preset=&#8221;default&#8221; global_colors_info=&#8221;{}&#8221;][et_pb_column type=&#8221;4_4&#8243; _builder_version=&#8221;4.17.6&#8243; _module_preset=&#8221;default&#8221; global_colors_info=&#8221;{}&#8221;][et_pb_text _builder_version=&#8221;4.14.1&#8243; _module_preset=&#8221;b327cbe4-b1d5-4b66-ad37-40c8f2f061ba&#8221; header_2_font=&#8221;Akaya Kanadaka||||||||&#8221; header_2_text_color=&#8221;#000000&#8243; header_2_font_size=&#8221;50px&#8221; header_2_line_height=&#8221;1.2em&#8221; text_orientation=&#8221;center&#8221; hover_enabled=&#8221;0&#8243; header_2_font_size_tablet=&#8221;32px&#8221; header_2_font_size_phone=&#8221;22px&#8221; header_2_font_size_last_edited=&#8221;on|phone&#8221; global_colors_info=&#8221;{}&#8221; sticky_enabled=&#8221;0&#8243;]<\/p>\n<h2>Impresszum<\/h2>\n<p>[\/et_pb_text][\/et_pb_column][\/et_pb_row][et_pb_row _builder_version=&#8221;4.14.1&#8243; _module_preset=&#8221;default&#8221; global_colors_info=&#8221;{}&#8221;][et_pb_column type=&#8221;4_4&#8243; _builder_version=&#8221;4.14.1&#8243; _module_preset=&#8221;default&#8221; global_colors_info=&#8221;{}&#8221;][et_pb_text _builder_version=&#8221;4.14.1&#8243; _module_preset=&#8221;default&#8221; hover_enabled=&#8221;0&#8243; global_colors_info=&#8221;{}&#8221; text_font=&#8221;Akaya Kanadaka||||||||&#8221; text_font_size=&#8221;22px&#8221; sticky_enabled=&#8221;0&#8243; text_line_height=&#8221;1.8em&#8221;]<\/p>\n<div>\n<p><span><strong>Tulajdonos<\/strong> \/ szolg\u00e1ltat\u00f3: L\u0151rincz S\u00e1ndorn\u00e9<\/span><\/p>\n<div>C\u00edm: 8360-Keszthely, Unterberger u.25.<\/div>\n<div>Tel: + 36309576370<\/div>\n<div>E-mail:<span>\u00a0<\/span><a href=\"mailto:pelsoartapartments@gmail.com\" target=\"_blank\" rel=\"noopener\">pelsoartapartments@gmail.com<\/a><\/div>\n<div>Web: pelsoartapartmanok.hu<\/div>\n<div>Ad\u00f3sz\u00e1m: 55278191-1-40<\/div>\n<div>NTAK reg.sz\u00e1m: MA19004211<\/div>\n<div><\/div>\n<div><strong>T\u00e1rhelyszolg\u00e1ltat\u00f3:\u00a0<\/strong><span>Sybell Informatika Kft. (1158 Budapest, K\u00e9sm\u00e1rk u. 7\/B 2. em. 206. \u2013 info@sybell.hu)<\/span><\/div>\n<div><strong>Webdesign :<\/strong> <a href=\"https:\/\/weboldaltneked.hu\/\">weboldaltneked.hu<\/a><\/div>\n<p>&nbsp;<\/p>\n<p><a role=\"button\" href=\"https:\/\/gardoshazak.hu\/\" target=\"_blank\" data-saferedirecturl=\"https:\/\/www.google.com\/url?q=https:\/\/gardoshazak.hu\/&amp;source=gmail&amp;ust=1669106817113000&amp;usg=AOvVaw2v3vqINyuby1kfmQAbCD1J\" rel=\"noopener\"><\/a><\/p>\n<p><a role=\"button\" href=\"https:\/\/gardoshazak.hu\/\" target=\"_blank\" data-saferedirecturl=\"https:\/\/www.google.com\/url?q=https:\/\/gardoshazak.hu\/&amp;source=gmail&amp;ust=1669106817113000&amp;usg=AOvVaw2v3vqINyuby1kfmQAbCD1J\" rel=\"noopener\"> <\/a><\/p>\n<p><a role=\"button\" href=\"https:\/\/gardoshazak.hu\/\" target=\"_blank\" data-saferedirecturl=\"https:\/\/www.google.com\/url?q=https:\/\/gardoshazak.hu\/&amp;source=gmail&amp;ust=1669106817113000&amp;usg=AOvVaw2v3vqINyuby1kfmQAbCD1J\" rel=\"noopener\"><\/a><\/p>\n<\/div>\n<section id=\"m_-7145924000433043034comments\"><\/section>\n<p>[\/et_pb_text][\/et_pb_column][\/et_pb_row][\/et_pb_section][et_pb_section fb_built=&#8221;1&#8243; admin_label=&#8221;Footer&#8221; _builder_version=&#8221;4.17.6&#8243; _module_preset=&#8221;default&#8221; background_color=&#8221;#FAF5EF&#8221; custom_padding=&#8221;||0px||false|false&#8221; collapsed=&#8221;on&#8221; global_colors_info=&#8221;{}&#8221;][et_pb_row column_structure=&#8221;1_5,1_5,1_5,1_5,1_5&#8243; _builder_version=&#8221;4.17.6&#8243; _module_preset=&#8221;default&#8221; global_colors_info=&#8221;{}&#8221;][et_pb_column type=&#8221;1_5&#8243; _builder_version=&#8221;4.17.6&#8243; _module_preset=&#8221;default&#8221; global_colors_info=&#8221;{}&#8221;][et_pb_image src=&#8221;https:\/\/pelsoartapartmanok.hu\/wp-content\/uploads\/2022\/10\/Nevtelen-700-\u00d7-500-keppont-4.png&#8221; title_text=&#8221;hostel_50&#8243; _builder_version=&#8221;4.14.1&#8243; _module_preset=&#8221;default&#8221; width=&#8221;100%&#8221; global_colors_info=&#8221;{}&#8221;][\/et_pb_image][\/et_pb_column][et_pb_column type=&#8221;1_5&#8243; _builder_version=&#8221;4.17.6&#8243; _module_preset=&#8221;default&#8221; global_colors_info=&#8221;{}&#8221;][et_pb_text _builder_version=&#8221;4.14.1&#8243; _module_preset=&#8221;4827deed-2a92-4d97-a22f-f01067ae6873&#8243; header_font=&#8221;||||||||&#8221; header_4_font=&#8221;Akaya Kanadaka|700|||||||&#8221; header_4_text_color=&#8221;#000000&#8243; header_4_font_size=&#8221;22px&#8221; header_4_line_height=&#8221;1.4em&#8221; custom_margin=&#8221;||20px||false|false&#8221; hover_enabled=&#8221;0&#8243; header_4_font_size_tablet=&#8221;16px&#8221; header_4_font_size_phone=&#8221;22px&#8221; header_4_font_size_last_edited=&#8221;on|phone&#8221; global_colors_info=&#8221;{}&#8221; sticky_enabled=&#8221;0&#8243;]<\/p>\n<h4>Sz\u00e1ll\u00e1s<\/h4>\n<p>[\/et_pb_text][et_pb_text _builder_version=&#8221;4.14.1&#8243; _module_preset=&#8221;1f09816e-184e-4ce5-a4cf-b39c52c423ca&#8221; text_font=&#8221;Open Sans||||||||&#8221; text_text_color=&#8221;#666666&#8243; text_font_size=&#8221;16px&#8221; text_line_height=&#8221;1.8em&#8221; link_text_color=&#8221;#666666&#8243; custom_margin=&#8221;||10px||false|false&#8221; text_font_size_tablet=&#8221;15px&#8221; text_font_size_phone=&#8221;14px&#8221; text_font_size_last_edited=&#8221;on|phone&#8221; header_font_size_tablet=&#8221;55px&#8221; header_font_size_last_edited=&#8221;off|desktop&#8221; global_colors_info=&#8221;{}&#8221;]<\/p>\n<p>Apartmanok<\/p>\n<p>[\/et_pb_text][et_pb_text _builder_version=&#8221;4.14.1&#8243; _module_preset=&#8221;1f09816e-184e-4ce5-a4cf-b39c52c423ca&#8221; text_font=&#8221;Open Sans||||||||&#8221; text_text_color=&#8221;#666666&#8243; text_font_size=&#8221;16px&#8221; text_line_height=&#8221;1.8em&#8221; link_text_color=&#8221;#666666&#8243; custom_margin=&#8221;||10px||false|false&#8221; text_font_size_tablet=&#8221;15px&#8221; text_font_size_phone=&#8221;14px&#8221; text_font_size_last_edited=&#8221;on|phone&#8221; header_font_size_tablet=&#8221;55px&#8221; header_font_size_last_edited=&#8221;off|desktop&#8221; global_colors_info=&#8221;{}&#8221;]<\/p>\n<p>Szolg\u00e1ltat\u00e1sok<\/p>\n<p>[\/et_pb_text][et_pb_text _builder_version=&#8221;4.14.1&#8243; _module_preset=&#8221;1f09816e-184e-4ce5-a4cf-b39c52c423ca&#8221; text_font=&#8221;Open Sans||||||||&#8221; text_text_color=&#8221;#666666&#8243; text_font_size=&#8221;16px&#8221; text_line_height=&#8221;1.8em&#8221; link_text_color=&#8221;#666666&#8243; custom_margin=&#8221;||10px||false|false&#8221; text_font_size_tablet=&#8221;15px&#8221; text_font_size_phone=&#8221;14px&#8221; text_font_size_last_edited=&#8221;on|phone&#8221; header_font_size_tablet=&#8221;55px&#8221; header_font_size_last_edited=&#8221;off|desktop&#8221; global_colors_info=&#8221;{}&#8221;]<\/p>\n<p>A k\u00f6rny\u00e9k<\/p>\n<p>[\/et_pb_text][et_pb_text _builder_version=&#8221;4.14.1&#8243; _module_preset=&#8221;1f09816e-184e-4ce5-a4cf-b39c52c423ca&#8221; text_font=&#8221;Open Sans||||||||&#8221; text_text_color=&#8221;#666666&#8243; text_font_size=&#8221;16px&#8221; text_line_height=&#8221;1.8em&#8221; link_text_color=&#8221;#666666&#8243; custom_margin=&#8221;||10px||false|false&#8221; text_font_size_tablet=&#8221;15px&#8221; text_font_size_phone=&#8221;14px&#8221; text_font_size_last_edited=&#8221;on|phone&#8221; header_font_size_tablet=&#8221;55px&#8221; header_font_size_last_edited=&#8221;off|desktop&#8221; global_colors_info=&#8221;{}&#8221;]<\/p>\n<p>Programok, sz\u00f3rakoz\u00e1s<\/p>\n<p>[\/et_pb_text][et_pb_text _builder_version=&#8221;4.14.1&#8243; _module_preset=&#8221;1f09816e-184e-4ce5-a4cf-b39c52c423ca&#8221; text_font=&#8221;Open Sans||||||||&#8221; text_text_color=&#8221;#666666&#8243; text_font_size=&#8221;16px&#8221; text_line_height=&#8221;1.8em&#8221; link_text_color=&#8221;#666666&#8243; custom_margin=&#8221;||10px||false|false&#8221; text_font_size_tablet=&#8221;15px&#8221; text_font_size_phone=&#8221;14px&#8221; text_font_size_last_edited=&#8221;on|phone&#8221; header_font_size_tablet=&#8221;55px&#8221; header_font_size_last_edited=&#8221;off|desktop&#8221; global_colors_info=&#8221;{}&#8221;]<\/p>\n<p>L\u00e1tnival\u00f3k<\/p>\n<p>[\/et_pb_text][\/et_pb_column][et_pb_column type=&#8221;1_5&#8243; _builder_version=&#8221;4.17.6&#8243; _module_preset=&#8221;default&#8221; global_colors_info=&#8221;{}&#8221;][et_pb_text _builder_version=&#8221;4.14.1&#8243; _module_preset=&#8221;4827deed-2a92-4d97-a22f-f01067ae6873&#8243; header_font=&#8221;||||||||&#8221; header_4_font=&#8221;Akaya Kanadaka|700|||||||&#8221; header_4_text_color=&#8221;#000000&#8243; header_4_font_size=&#8221;22px&#8221; header_4_line_height=&#8221;1.4em&#8221; custom_margin=&#8221;||20px||false|false&#8221; hover_enabled=&#8221;0&#8243; header_4_font_size_tablet=&#8221;16px&#8221; header_4_font_size_phone=&#8221;22px&#8221; header_4_font_size_last_edited=&#8221;on|phone&#8221; global_colors_info=&#8221;{}&#8221; sticky_enabled=&#8221;0&#8243;]<\/p>\n<h4>Foglal\u00e1s<\/h4>\n<p>[\/et_pb_text][et_pb_text _builder_version=&#8221;4.14.1&#8243; _module_preset=&#8221;1f09816e-184e-4ce5-a4cf-b39c52c423ca&#8221; text_font=&#8221;Open Sans||||||||&#8221; text_text_color=&#8221;#666666&#8243; text_font_size=&#8221;16px&#8221; text_line_height=&#8221;1.8em&#8221; link_text_color=&#8221;#666666&#8243; custom_margin=&#8221;||10px||false|false&#8221; text_font_size_tablet=&#8221;15px&#8221; text_font_size_phone=&#8221;14px&#8221; text_font_size_last_edited=&#8221;on|phone&#8221; header_font_size_tablet=&#8221;55px&#8221; header_font_size_last_edited=&#8221;off|desktop&#8221; global_colors_info=&#8221;{}&#8221;]<\/p>\n<p><a href=\"#\">Foglal\u00e1s menete<\/a><\/p>\n<p>[\/et_pb_text][et_pb_text _builder_version=&#8221;4.14.1&#8243; _module_preset=&#8221;1f09816e-184e-4ce5-a4cf-b39c52c423ca&#8221; text_font=&#8221;Open Sans||||||||&#8221; text_text_color=&#8221;#666666&#8243; text_font_size=&#8221;16px&#8221; text_line_height=&#8221;1.8em&#8221; link_text_color=&#8221;#666666&#8243; custom_margin=&#8221;||10px||false|false&#8221; link_option_url=&#8221;https:\/\/pelsoartapartmanok.hu\/aszf\/&#8221; text_font_size_tablet=&#8221;15px&#8221; text_font_size_phone=&#8221;14px&#8221; text_font_size_last_edited=&#8221;on|phone&#8221; header_font_size_tablet=&#8221;55px&#8221; header_font_size_last_edited=&#8221;off|desktop&#8221; global_colors_info=&#8221;{}&#8221;]<\/p>\n<p><strong>\u00c1ltal\u00e1nos Szerz\u0151d\u00e9si Felt\u00e9telek (\u00c1SZF)<\/strong><\/p>\n<p>[\/et_pb_text][et_pb_text _builder_version=&#8221;4.14.1&#8243; _module_preset=&#8221;1f09816e-184e-4ce5-a4cf-b39c52c423ca&#8221; text_font=&#8221;Open Sans||||||||&#8221; text_text_color=&#8221;#666666&#8243; text_font_size=&#8221;16px&#8221; text_line_height=&#8221;1.8em&#8221; link_text_color=&#8221;#666666&#8243; custom_margin=&#8221;||10px||false|false&#8221; text_font_size_tablet=&#8221;15px&#8221; text_font_size_phone=&#8221;14px&#8221; text_font_size_last_edited=&#8221;on|phone&#8221; header_font_size_tablet=&#8221;55px&#8221; header_font_size_last_edited=&#8221;off|desktop&#8221; global_colors_info=&#8221;{}&#8221;]<\/p>\n<p><strong>Adatv\u00e9delmi t\u00e1j\u00e9koztat\u00f3<\/strong><\/p>\n<p>[\/et_pb_text][et_pb_text _builder_version=&#8221;4.14.1&#8243; _module_preset=&#8221;1f09816e-184e-4ce5-a4cf-b39c52c423ca&#8221; text_font=&#8221;Open Sans||||||||&#8221; text_text_color=&#8221;#666666&#8243; text_font_size=&#8221;16px&#8221; text_line_height=&#8221;1.8em&#8221; link_text_color=&#8221;#666666&#8243; custom_margin=&#8221;||10px||false|false&#8221; text_font_size_tablet=&#8221;15px&#8221; text_font_size_phone=&#8221;14px&#8221; text_font_size_last_edited=&#8221;on|phone&#8221; header_font_size_tablet=&#8221;55px&#8221; header_font_size_last_edited=&#8221;off|desktop&#8221; global_colors_info=&#8221;{}&#8221;]<\/p>\n<p><strong>Impresszum<\/strong><\/p>\n<p>[\/et_pb_text][\/et_pb_column][et_pb_column type=&#8221;1_5&#8243; _builder_version=&#8221;4.17.6&#8243; _module_preset=&#8221;default&#8221; global_colors_info=&#8221;{}&#8221;][et_pb_text _builder_version=&#8221;4.14.1&#8243; _module_preset=&#8221;4827deed-2a92-4d97-a22f-f01067ae6873&#8243; header_font=&#8221;||||||||&#8221; header_4_font=&#8221;Akaya Kanadaka|700|||||||&#8221; header_4_text_color=&#8221;#000000&#8243; header_4_font_size=&#8221;22px&#8221; header_4_line_height=&#8221;1.4em&#8221; custom_margin=&#8221;||20px||false|false&#8221; hover_enabled=&#8221;0&#8243; header_4_font_size_tablet=&#8221;16px&#8221; header_4_font_size_phone=&#8221;22px&#8221; header_4_font_size_last_edited=&#8221;on|phone&#8221; locked=&#8221;off&#8221; global_colors_info=&#8221;{}&#8221; sticky_enabled=&#8221;0&#8243;]<\/p>\n<h4>Kapcsolat<\/h4>\n<p>[\/et_pb_text][et_pb_text _builder_version=&#8221;4.14.1&#8243; _module_preset=&#8221;4827deed-2a92-4d97-a22f-f01067ae6873&#8243; header_font=&#8221;||||||||&#8221; header_4_font=&#8221;Manrope|700|||||||&#8221; header_4_text_color=&#8221;#008186&#8243; header_4_font_size=&#8221;19px&#8221; header_4_line_height=&#8221;1.4em&#8221; custom_margin=&#8221;||0px||false|false&#8221; hover_enabled=&#8221;0&#8243; header_4_font_size_tablet=&#8221;16px&#8221; header_4_font_size_phone=&#8221;22px&#8221; header_4_font_size_last_edited=&#8221;on|phone&#8221; global_colors_info=&#8221;{}&#8221; sticky_enabled=&#8221;0&#8243;]<\/p>\n<h4><span>+36 (30) 957 6370<\/span><\/h4>\n<p>[\/et_pb_text][et_pb_button button_text=&#8221;Email&#8221; _builder_version=&#8221;4.14.1&#8243; _module_preset=&#8221;db46e67d-9505-40bb-9ebd-8901bc8b3a95&#8243; custom_button=&#8221;on&#8221; button_text_size=&#8221;14px&#8221; button_text_color=&#8221;#FFFFFF&#8221; button_bg_color=&#8221;#000000&#8243; button_border_width=&#8221;0px&#8221; button_border_radius=&#8221;0px&#8221; button_font=&#8221;Inter|700||on|||||&#8221; custom_padding=&#8221;16px|24px|16px|24px|true|true&#8221; global_colors_info=&#8221;{}&#8221;][\/et_pb_button][\/et_pb_column][et_pb_column type=&#8221;1_5&#8243; _builder_version=&#8221;4.17.6&#8243; _module_preset=&#8221;default&#8221; global_colors_info=&#8221;{}&#8221;][et_pb_text _builder_version=&#8221;4.14.1&#8243; _module_preset=&#8221;4827deed-2a92-4d97-a22f-f01067ae6873&#8243; header_font=&#8221;||||||||&#8221; header_4_font=&#8221;Akaya Kanadaka|700|||||||&#8221; header_4_text_color=&#8221;#000000&#8243; header_4_font_size=&#8221;22px&#8221; header_4_line_height=&#8221;1.4em&#8221; custom_margin=&#8221;||10px||false|false&#8221; hover_enabled=&#8221;0&#8243; header_4_font_size_tablet=&#8221;16px&#8221; header_4_font_size_phone=&#8221;22px&#8221; header_4_font_size_last_edited=&#8221;on|phone&#8221; locked=&#8221;off&#8221; global_colors_info=&#8221;{}&#8221; sticky_enabled=&#8221;0&#8243;]<\/p>\n<h4>Social<\/h4>\n<p>[\/et_pb_text][et_pb_social_media_follow icon_color=&#8221;#D37643&#8243; use_icon_font_size=&#8221;on&#8221; icon_font_size=&#8221;20px&#8221; _builder_version=&#8221;4.17.6&#8243; _module_preset=&#8221;default&#8221; global_colors_info=&#8221;{}&#8221;][et_pb_social_media_follow_network social_network=&#8221;facebook&#8221; _builder_version=&#8221;4.17.6&#8243; _module_preset=&#8221;default&#8221; global_colors_info=&#8221;{}&#8221; follow_button=&#8221;off&#8221; url_new_window=&#8221;on&#8221;]facebook[\/et_pb_social_media_follow_network][et_pb_social_media_follow_network social_network=&#8221;instagram&#8221; _builder_version=&#8221;4.17.6&#8243; _module_preset=&#8221;default&#8221; global_colors_info=&#8221;{}&#8221; follow_button=&#8221;off&#8221; url_new_window=&#8221;on&#8221;]instagram[\/et_pb_social_media_follow_network][et_pb_social_media_follow_network social_network=&#8221;youtube&#8221; _builder_version=&#8221;4.17.6&#8243; _module_preset=&#8221;default&#8221; background_color=&#8221;RGBA(255,255,255,0)&#8221; background_enable_color=&#8221;on&#8221; global_colors_info=&#8221;{}&#8221; follow_button=&#8221;off&#8221; url_new_window=&#8221;on&#8221;]youtube[\/et_pb_social_media_follow_network][\/et_pb_social_media_follow][\/et_pb_column][\/et_pb_row][et_pb_row _builder_version=&#8221;4.17.6&#8243; _module_preset=&#8221;default&#8221; width=&#8221;100%&#8221; max_width=&#8221;100%&#8221; custom_padding=&#8221;||0px||false|false&#8221; global_colors_info=&#8221;{}&#8221;][et_pb_column type=&#8221;4_4&#8243; _builder_version=&#8221;4.17.6&#8243; _module_preset=&#8221;default&#8221; global_colors_info=&#8221;{}&#8221;][\/et_pb_column][\/et_pb_row][\/et_pb_section]<\/p>\n","protected":false},"excerpt":{"rendered":"<p>Impresszum Tulajdonos \/ szolg\u00e1ltat\u00f3: L\u0151rincz S\u00e1ndorn\u00e9 C\u00edm: 8360-Keszthely, Unterberger u.25. Tel: + 36309576370 E-mail:\u00a0pelsoartapartments@gmail.com Web: pelsoartapartmanok.hu Ad\u00f3sz\u00e1m: 55278191-1-40 NTAK reg.sz\u00e1m: MA19004211 T\u00e1rhelyszolg\u00e1ltat\u00f3:\u00a0Sybell Informatika Kft. (1158 Budapest, K\u00e9sm\u00e1rk u. 7\/B 2. em. 206. \u2013 info@sybell.hu) Webdesign : weboldaltneked.hu &nbsp; Sz\u00e1ll\u00e1sApartmanokSzolg\u00e1ltat\u00e1sokA k\u00f6rny\u00e9kProgramok, sz\u00f3rakoz\u00e1sL\u00e1tnival\u00f3kFoglal\u00e1sFoglal\u00e1s menete\u00c1ltal\u00e1nos Szerz\u0151d\u00e9si Felt\u00e9telek (\u00c1SZF)Adatv\u00e9delmi t\u00e1j\u00e9koztat\u00f3ImpresszumKapcsolat+36 (30) 957 6370Social<\/p>","protected":false},"author":1,"featured_media":0,"parent":0,"menu_order":0,"comment_status":"closed","ping_status":"closed","template":"","meta":{"_et_pb_use_builder":"on","_et_pb_old_content":"","_et_gb_content_width":"","footnotes":""},"class_list":["post-393","page","type-page","status-publish","hentry"],"yoast_head":"<!-- This site is optimized with the Yoast SEO plugin v27.2 - https:\/\/yoast.com\/product\/yoast-seo-wordpress\/ -->\n<title>Impresszum | PelsoArt apartmanok<\/title>\n<meta name=\"robots\" content=\"index, follow, max-snippet:-1, max-image-preview:large, max-video-preview:-1\" \/>\n<link rel=\"canonical\" href=\"https:\/\/pelsoartapartmanok.hu\/de\/impresszum\/\" \/>\n<meta property=\"og:locale\" content=\"de_DE\" \/>\n<meta property=\"og:type\" content=\"article\" \/>\n<meta property=\"og:title\" content=\"Impresszum | PelsoArt apartmanok\" \/>\n<meta property=\"og:description\" content=\"Impresszum Tulajdonos \/ szolg\u00e1ltat\u00f3: L\u0151rincz S\u00e1ndorn\u00e9 C\u00edm: 8360-Keszthely, Unterberger u.25. Tel: + 36309576370 E-mail:\u00a0pelsoartapartments@gmail.com Web: pelsoartapartmanok.hu Ad\u00f3sz\u00e1m: 55278191-1-40 NTAK reg.sz\u00e1m: MA19004211 T\u00e1rhelyszolg\u00e1ltat\u00f3:\u00a0Sybell Informatika Kft. (1158 Budapest, K\u00e9sm\u00e1rk u. 7\/B 2. em. 206. \u2013 info@sybell.hu) Webdesign : weboldaltneked.hu &nbsp; Sz\u00e1ll\u00e1sApartmanokSzolg\u00e1ltat\u00e1sokA k\u00f6rny\u00e9kProgramok, sz\u00f3rakoz\u00e1sL\u00e1tnival\u00f3kFoglal\u00e1sFoglal\u00e1s menete\u00c1ltal\u00e1nos Szerz\u0151d\u00e9si Felt\u00e9telek (\u00c1SZF)Adatv\u00e9delmi t\u00e1j\u00e9koztat\u00f3ImpresszumKapcsolat+36 (30) 957 6370Social\" \/>\n<meta property=\"og:url\" content=\"https:\/\/pelsoartapartmanok.hu\/de\/impresszum\/\" \/>\n<meta property=\"og:site_name\" content=\"PelsoArt apartmanok\" \/>\n<meta property=\"article:publisher\" content=\"https:\/\/www.facebook.com\/PelsoArtApartments\" \/>\n<meta property=\"article:modified_time\" content=\"2022-11-22T13:29:24+00:00\" \/>\n<meta property=\"og:image\" content=\"https:\/\/pelsoartapartmanok.hu\/wp-content\/uploads\/2022\/11\/Rozsaszin-es-Feher-Modern-Kave-Tema-Instagram-Poszt-1.jpg\" \/>\n\t<meta property=\"og:image:width\" content=\"1080\" \/>\n\t<meta property=\"og:image:height\" content=\"1080\" \/>\n\t<meta property=\"og:image:type\" content=\"image\/jpeg\" \/>\n<meta name=\"twitter:card\" content=\"summary_large_image\" \/>\n<script type=\"application\/ld+json\" class=\"yoast-schema-graph\">{\"@context\":\"https:\/\/schema.org\",\"@graph\":[{\"@type\":\"WebPage\",\"@id\":\"https:\/\/pelsoartapartmanok.hu\/impresszum\/\",\"url\":\"https:\/\/pelsoartapartmanok.hu\/impresszum\/\",\"name\":\"Impresszum | PelsoArt apartmanok\",\"isPartOf\":{\"@id\":\"https:\/\/pelsoartapartmanok.hu\/#website\"},\"datePublished\":\"2022-11-21T10:30:13+00:00\",\"dateModified\":\"2022-11-22T13:29:24+00:00\",\"breadcrumb\":{\"@id\":\"https:\/\/pelsoartapartmanok.hu\/impresszum\/#breadcrumb\"},\"inLanguage\":\"de\",\"potentialAction\":[{\"@type\":\"ReadAction\",\"target\":[\"https:\/\/pelsoartapartmanok.hu\/impresszum\/\"]}]},{\"@type\":\"BreadcrumbList\",\"@id\":\"https:\/\/pelsoartapartmanok.hu\/impresszum\/#breadcrumb\",\"itemListElement\":[{\"@type\":\"ListItem\",\"position\":1,\"name\":\"Kezd\u0151lap\",\"item\":\"https:\/\/pelsoartapartmanok.hu\/\"},{\"@type\":\"ListItem\",\"position\":2,\"name\":\"Impresszum\"}]},{\"@type\":\"WebSite\",\"@id\":\"https:\/\/pelsoartapartmanok.hu\/#website\",\"url\":\"https:\/\/pelsoartapartmanok.hu\/\",\"name\":\"PelsoArt apartmanok\",\"description\":\"PelsoArt apartmanok Keszthelyen\",\"publisher\":{\"@id\":\"https:\/\/pelsoartapartmanok.hu\/#\/schema\/person\/cee875e3b9612c9a9711f72d80559dd2\"},\"potentialAction\":[{\"@type\":\"SearchAction\",\"target\":{\"@type\":\"EntryPoint\",\"urlTemplate\":\"https:\/\/pelsoartapartmanok.hu\/?s={search_term_string}\"},\"query-input\":{\"@type\":\"PropertyValueSpecification\",\"valueRequired\":true,\"valueName\":\"search_term_string\"}}],\"inLanguage\":\"de\"},{\"@type\":[\"Person\",\"Organization\"],\"@id\":\"https:\/\/pelsoartapartmanok.hu\/#\/schema\/person\/cee875e3b9612c9a9711f72d80559dd2\",\"name\":\"Pelsovanita\",\"image\":{\"@type\":\"ImageObject\",\"inLanguage\":\"de\",\"@id\":\"https:\/\/pelsoartapartmanok.hu\/wp-content\/uploads\/2022\/07\/cropped-PelsoartLogo-masolata.png\",\"url\":\"https:\/\/pelsoartapartmanok.hu\/wp-content\/uploads\/2022\/07\/cropped-PelsoartLogo-masolata.png\",\"contentUrl\":\"https:\/\/pelsoartapartmanok.hu\/wp-content\/uploads\/2022\/07\/cropped-PelsoartLogo-masolata.png\",\"width\":512,\"height\":512,\"caption\":\"Pelsovanita\"},\"logo\":{\"@id\":\"https:\/\/pelsoartapartmanok.hu\/wp-content\/uploads\/2022\/07\/cropped-PelsoartLogo-masolata.png\"},\"sameAs\":[\"https:\/\/pelsoartapartmanok.hu\",\"https:\/\/www.facebook.com\/PelsoArtApartments\"]}]}<\/script>\n<!-- \/ Yoast SEO plugin. -->","yoast_head_json":{"title":"Impresszum | PelsoArt apartmanok","robots":{"index":"index","follow":"follow","max-snippet":"max-snippet:-1","max-image-preview":"max-image-preview:large","max-video-preview":"max-video-preview:-1"},"canonical":"https:\/\/pelsoartapartmanok.hu\/de\/impresszum\/","og_locale":"de_DE","og_type":"article","og_title":"Impresszum | PelsoArt apartmanok","og_description":"Impresszum Tulajdonos \/ szolg\u00e1ltat\u00f3: L\u0151rincz S\u00e1ndorn\u00e9 C\u00edm: 8360-Keszthely, Unterberger u.25. Tel: + 36309576370 E-mail:\u00a0pelsoartapartments@gmail.com Web: pelsoartapartmanok.hu Ad\u00f3sz\u00e1m: 55278191-1-40 NTAK reg.sz\u00e1m: MA19004211 T\u00e1rhelyszolg\u00e1ltat\u00f3:\u00a0Sybell Informatika Kft. (1158 Budapest, K\u00e9sm\u00e1rk u. 7\/B 2. em. 206. \u2013 info@sybell.hu) Webdesign : weboldaltneked.hu &nbsp; Sz\u00e1ll\u00e1sApartmanokSzolg\u00e1ltat\u00e1sokA k\u00f6rny\u00e9kProgramok, sz\u00f3rakoz\u00e1sL\u00e1tnival\u00f3kFoglal\u00e1sFoglal\u00e1s menete\u00c1ltal\u00e1nos Szerz\u0151d\u00e9si Felt\u00e9telek (\u00c1SZF)Adatv\u00e9delmi t\u00e1j\u00e9koztat\u00f3ImpresszumKapcsolat+36 (30) 957 6370Social","og_url":"https:\/\/pelsoartapartmanok.hu\/de\/impresszum\/","og_site_name":"PelsoArt apartmanok","article_publisher":"https:\/\/www.facebook.com\/PelsoArtApartments","article_modified_time":"2022-11-22T13:29:24+00:00","og_image":[{"width":1080,"height":1080,"url":"https:\/\/pelsoartapartmanok.hu\/wp-content\/uploads\/2022\/11\/Rozsaszin-es-Feher-Modern-Kave-Tema-Instagram-Poszt-1.jpg","type":"image\/jpeg"}],"twitter_card":"summary_large_image","schema":{"@context":"https:\/\/schema.org","@graph":[{"@type":"WebPage","@id":"https:\/\/pelsoartapartmanok.hu\/impresszum\/","url":"https:\/\/pelsoartapartmanok.hu\/impresszum\/","name":"Impresszum | PelsoArt apartmanok","isPartOf":{"@id":"https:\/\/pelsoartapartmanok.hu\/#website"},"datePublished":"2022-11-21T10:30:13+00:00","dateModified":"2022-11-22T13:29:24+00:00","breadcrumb":{"@id":"https:\/\/pelsoartapartmanok.hu\/impresszum\/#breadcrumb"},"inLanguage":"de","potentialAction":[{"@type":"ReadAction","target":["https:\/\/pelsoartapartmanok.hu\/impresszum\/"]}]},{"@type":"BreadcrumbList","@id":"https:\/\/pelsoartapartmanok.hu\/impresszum\/#breadcrumb","itemListElement":[{"@type":"ListItem","position":1,"name":"Kezd\u0151lap","item":"https:\/\/pelsoartapartmanok.hu\/"},{"@type":"ListItem","position":2,"name":"Impresszum"}]},{"@type":"WebSite","@id":"https:\/\/pelsoartapartmanok.hu\/#website","url":"https:\/\/pelsoartapartmanok.hu\/","name":"PelsoArt apartmanok","description":"Innenstadtwohnungen in Keszthely","publisher":{"@id":"https:\/\/pelsoartapartmanok.hu\/#\/schema\/person\/cee875e3b9612c9a9711f72d80559dd2"},"potentialAction":[{"@type":"SearchAction","target":{"@type":"EntryPoint","urlTemplate":"https:\/\/pelsoartapartmanok.hu\/?s={search_term_string}"},"query-input":{"@type":"PropertyValueSpecification","valueRequired":true,"valueName":"search_term_string"}}],"inLanguage":"de"},{"@type":["Person","Organization"],"@id":"https:\/\/pelsoartapartmanok.hu\/#\/schema\/person\/cee875e3b9612c9a9711f72d80559dd2","name":"Pelsovanita","image":{"@type":"ImageObject","inLanguage":"de","@id":"https:\/\/pelsoartapartmanok.hu\/wp-content\/uploads\/2022\/07\/cropped-PelsoartLogo-masolata.png","url":"https:\/\/pelsoartapartmanok.hu\/wp-content\/uploads\/2022\/07\/cropped-PelsoartLogo-masolata.png","contentUrl":"https:\/\/pelsoartapartmanok.hu\/wp-content\/uploads\/2022\/07\/cropped-PelsoartLogo-masolata.png","width":512,"height":512,"caption":"Pelsovanita"},"logo":{"@id":"https:\/\/pelsoartapartmanok.hu\/wp-content\/uploads\/2022\/07\/cropped-PelsoartLogo-masolata.png"},"sameAs":["https:\/\/pelsoartapartmanok.hu","https:\/\/www.facebook.com\/PelsoArtApartments"]}]}},"_links":{"self":[{"href":"https:\/\/pelsoartapartmanok.hu\/de\/wp-json\/wp\/v2\/pages\/393","targetHints":{"allow":["GET"]}}],"collection":[{"href":"https:\/\/pelsoartapartmanok.hu\/de\/wp-json\/wp\/v2\/pages"}],"about":[{"href":"https:\/\/pelsoartapartmanok.hu\/de\/wp-json\/wp\/v2\/types\/page"}],"author":[{"embeddable":true,"href":"https:\/\/pelsoartapartmanok.hu\/de\/wp-json\/wp\/v2\/users\/1"}],"replies":[{"embeddable":true,"href":"https:\/\/pelsoartapartmanok.hu\/de\/wp-json\/wp\/v2\/comments?post=393"}],"version-history":[{"count":4,"href":"https:\/\/pelsoartapartmanok.hu\/de\/wp-json\/wp\/v2\/pages\/393\/revisions"}],"predecessor-version":[{"id":483,"href":"https:\/\/pelsoartapartmanok.hu\/de\/wp-json\/wp\/v2\/pages\/393\/revisions\/483"}],"wp:attachment":[{"href":"https:\/\/pelsoartapartmanok.hu\/de\/wp-json\/wp\/v2\/media?parent=393"}],"curies":[{"name":"wp","href":"https:\/\/api.w.org\/{rel}","templated":true}]}}