{"id":526,"date":"2022-11-23T12:54:53","date_gmt":"2022-11-23T12:54:53","guid":{"rendered":"https:\/\/pelsoartapartmanok.hu\/foglalas-megerositese\/"},"modified":"2022-11-24T17:36:03","modified_gmt":"2022-11-24T17:36:03","slug":"foglalas-megerositese","status":"publish","type":"page","link":"https:\/\/pelsoartapartmanok.hu\/de\/foglalas-megerositese\/","title":{"rendered":"Foglal\u00e1s meger\u0151s\u00edt\u00e9se"},"content":{"rendered":"<p>[mphb_checkout]<\/p>\n","protected":false},"excerpt":{"rendered":"<p>[mphb_checkout]<\/p>\n","protected":false},"author":1,"featured_media":0,"parent":0,"menu_order":0,"comment_status":"closed","ping_status":"closed","template":"","meta":{"_et_pb_use_builder":"","_et_pb_old_content":"","_et_gb_content_width":"1080","footnotes":""},"class_list":["post-526","page","type-page","status-publish","hentry"],"yoast_head":"<!-- This site is optimized with the Yoast SEO plugin v27.2 - https:\/\/yoast.com\/product\/yoast-seo-wordpress\/ -->\n<title>Foglal\u00e1s meger\u0151s\u00edt\u00e9se | PelsoArt apartmanok<\/title>\n<meta name=\"robots\" content=\"index, follow, max-snippet:-1, max-image-preview:large, max-video-preview:-1\" \/>\n<link rel=\"canonical\" href=\"https:\/\/pelsoartapartmanok.hu\/de\/foglalas-megerositese\/\" \/>\n<meta property=\"og:locale\" content=\"de_DE\" \/>\n<meta property=\"og:type\" content=\"article\" \/>\n<meta property=\"og:title\" content=\"Foglal\u00e1s meger\u0151s\u00edt\u00e9se | PelsoArt apartmanok\" \/>\n<meta property=\"og:description\" content=\"[mphb_checkout]\" \/>\n<meta property=\"og:url\" content=\"https:\/\/pelsoartapartmanok.hu\/de\/foglalas-megerositese\/\" \/>\n<meta property=\"og:site_name\" content=\"PelsoArt apartmanok\" \/>\n<meta property=\"article:publisher\" content=\"https:\/\/www.facebook.com\/PelsoArtApartments\" \/>\n<meta property=\"article:modified_time\" content=\"2022-11-24T17:36:03+00:00\" \/>\n<meta property=\"og:image\" content=\"https:\/\/pelsoartapartmanok.hu\/wp-content\/uploads\/2022\/11\/Rozsaszin-es-Feher-Modern-Kave-Tema-Instagram-Poszt-1.jpg\" \/>\n\t<meta property=\"og:image:width\" content=\"1080\" \/>\n\t<meta property=\"og:image:height\" content=\"1080\" \/>\n\t<meta property=\"og:image:type\" content=\"image\/jpeg\" \/>\n<meta name=\"twitter:card\" content=\"summary_large_image\" \/>\n<meta name=\"twitter:label1\" content=\"Gesch\u00e4tzte Lesezeit\" \/>\n\t<meta name=\"twitter:data1\" content=\"1\u00a0Minute\" \/>\n<script type=\"application\/ld+json\" class=\"yoast-schema-graph\">{\"@context\":\"https:\/\/schema.org\",\"@graph\":[{\"@type\":\"WebPage\",\"@id\":\"https:\/\/pelsoartapartmanok.hu\/foglalas-megerositese\/\",\"url\":\"https:\/\/pelsoartapartmanok.hu\/foglalas-megerositese\/\",\"name\":\"Foglal\u00e1s meger\u0151s\u00edt\u00e9se | PelsoArt apartmanok\",\"isPartOf\":{\"@id\":\"https:\/\/pelsoartapartmanok.hu\/#website\"},\"datePublished\":\"2022-11-23T12:54:53+00:00\",\"dateModified\":\"2022-11-24T17:36:03+00:00\",\"breadcrumb\":{\"@id\":\"https:\/\/pelsoartapartmanok.hu\/foglalas-megerositese\/#breadcrumb\"},\"inLanguage\":\"de\",\"potentialAction\":[{\"@type\":\"ReadAction\",\"target\":[\"https:\/\/pelsoartapartmanok.hu\/foglalas-megerositese\/\"]}]},{\"@type\":\"BreadcrumbList\",\"@id\":\"https:\/\/pelsoartapartmanok.hu\/foglalas-megerositese\/#breadcrumb\",\"itemListElement\":[{\"@type\":\"ListItem\",\"position\":1,\"name\":\"Kezd\u0151lap\",\"item\":\"https:\/\/pelsoartapartmanok.hu\/\"},{\"@type\":\"ListItem\",\"position\":2,\"name\":\"Foglal\u00e1s meger\u0151s\u00edt\u00e9se\"}]},{\"@type\":\"WebSite\",\"@id\":\"https:\/\/pelsoartapartmanok.hu\/#website\",\"url\":\"https:\/\/pelsoartapartmanok.hu\/\",\"name\":\"PelsoArt apartmanok\",\"description\":\"PelsoArt apartmanok Keszthelyen\",\"publisher\":{\"@id\":\"https:\/\/pelsoartapartmanok.hu\/#\/schema\/person\/cee875e3b9612c9a9711f72d80559dd2\"},\"potentialAction\":[{\"@type\":\"SearchAction\",\"target\":{\"@type\":\"EntryPoint\",\"urlTemplate\":\"https:\/\/pelsoartapartmanok.hu\/?s={search_term_string}\"},\"query-input\":{\"@type\":\"PropertyValueSpecification\",\"valueRequired\":true,\"valueName\":\"search_term_string\"}}],\"inLanguage\":\"de\"},{\"@type\":[\"Person\",\"Organization\"],\"@id\":\"https:\/\/pelsoartapartmanok.hu\/#\/schema\/person\/cee875e3b9612c9a9711f72d80559dd2\",\"name\":\"Pelsovanita\",\"image\":{\"@type\":\"ImageObject\",\"inLanguage\":\"de\",\"@id\":\"https:\/\/pelsoartapartmanok.hu\/wp-content\/uploads\/2022\/07\/cropped-PelsoartLogo-masolata.png\",\"url\":\"https:\/\/pelsoartapartmanok.hu\/wp-content\/uploads\/2022\/07\/cropped-PelsoartLogo-masolata.png\",\"contentUrl\":\"https:\/\/pelsoartapartmanok.hu\/wp-content\/uploads\/2022\/07\/cropped-PelsoartLogo-masolata.png\",\"width\":512,\"height\":512,\"caption\":\"Pelsovanita\"},\"logo\":{\"@id\":\"https:\/\/pelsoartapartmanok.hu\/wp-content\/uploads\/2022\/07\/cropped-PelsoartLogo-masolata.png\"},\"sameAs\":[\"https:\/\/pelsoartapartmanok.hu\",\"https:\/\/www.facebook.com\/PelsoArtApartments\"]}]}<\/script>\n<!-- \/ Yoast SEO plugin. -->","yoast_head_json":{"title":"Foglal\u00e1s meger\u0151s\u00edt\u00e9se | PelsoArt apartmanok","robots":{"index":"index","follow":"follow","max-snippet":"max-snippet:-1","max-image-preview":"max-image-preview:large","max-video-preview":"max-video-preview:-1"},"canonical":"https:\/\/pelsoartapartmanok.hu\/de\/foglalas-megerositese\/","og_locale":"de_DE","og_type":"article","og_title":"Foglal\u00e1s meger\u0151s\u00edt\u00e9se | PelsoArt apartmanok","og_description":"[mphb_checkout]","og_url":"https:\/\/pelsoartapartmanok.hu\/de\/foglalas-megerositese\/","og_site_name":"PelsoArt apartmanok","article_publisher":"https:\/\/www.facebook.com\/PelsoArtApartments","article_modified_time":"2022-11-24T17:36:03+00:00","og_image":[{"width":1080,"height":1080,"url":"https:\/\/pelsoartapartmanok.hu\/wp-content\/uploads\/2022\/11\/Rozsaszin-es-Feher-Modern-Kave-Tema-Instagram-Poszt-1.jpg","type":"image\/jpeg"}],"twitter_card":"summary_large_image","twitter_misc":{"Gesch\u00e4tzte Lesezeit":"1\u00a0Minute"},"schema":{"@context":"https:\/\/schema.org","@graph":[{"@type":"WebPage","@id":"https:\/\/pelsoartapartmanok.hu\/foglalas-megerositese\/","url":"https:\/\/pelsoartapartmanok.hu\/foglalas-megerositese\/","name":"Foglal\u00e1s meger\u0151s\u00edt\u00e9se | PelsoArt apartmanok","isPartOf":{"@id":"https:\/\/pelsoartapartmanok.hu\/#website"},"datePublished":"2022-11-23T12:54:53+00:00","dateModified":"2022-11-24T17:36:03+00:00","breadcrumb":{"@id":"https:\/\/pelsoartapartmanok.hu\/foglalas-megerositese\/#breadcrumb"},"inLanguage":"de","potentialAction":[{"@type":"ReadAction","target":["https:\/\/pelsoartapartmanok.hu\/foglalas-megerositese\/"]}]},{"@type":"BreadcrumbList","@id":"https:\/\/pelsoartapartmanok.hu\/foglalas-megerositese\/#breadcrumb","itemListElement":[{"@type":"ListItem","position":1,"name":"Kezd\u0151lap","item":"https:\/\/pelsoartapartmanok.hu\/"},{"@type":"ListItem","position":2,"name":"Foglal\u00e1s meger\u0151s\u00edt\u00e9se"}]},{"@type":"WebSite","@id":"https:\/\/pelsoartapartmanok.hu\/#website","url":"https:\/\/pelsoartapartmanok.hu\/","name":"PelsoArt apartmanok","description":"Innenstadtwohnungen in Keszthely","publisher":{"@id":"https:\/\/pelsoartapartmanok.hu\/#\/schema\/person\/cee875e3b9612c9a9711f72d80559dd2"},"potentialAction":[{"@type":"SearchAction","target":{"@type":"EntryPoint","urlTemplate":"https:\/\/pelsoartapartmanok.hu\/?s={search_term_string}"},"query-input":{"@type":"PropertyValueSpecification","valueRequired":true,"valueName":"search_term_string"}}],"inLanguage":"de"},{"@type":["Person","Organization"],"@id":"https:\/\/pelsoartapartmanok.hu\/#\/schema\/person\/cee875e3b9612c9a9711f72d80559dd2","name":"Pelsovanita","image":{"@type":"ImageObject","inLanguage":"de","@id":"https:\/\/pelsoartapartmanok.hu\/wp-content\/uploads\/2022\/07\/cropped-PelsoartLogo-masolata.png","url":"https:\/\/pelsoartapartmanok.hu\/wp-content\/uploads\/2022\/07\/cropped-PelsoartLogo-masolata.png","contentUrl":"https:\/\/pelsoartapartmanok.hu\/wp-content\/uploads\/2022\/07\/cropped-PelsoartLogo-masolata.png","width":512,"height":512,"caption":"Pelsovanita"},"logo":{"@id":"https:\/\/pelsoartapartmanok.hu\/wp-content\/uploads\/2022\/07\/cropped-PelsoartLogo-masolata.png"},"sameAs":["https:\/\/pelsoartapartmanok.hu","https:\/\/www.facebook.com\/PelsoArtApartments"]}]}},"_links":{"self":[{"href":"https:\/\/pelsoartapartmanok.hu\/de\/wp-json\/wp\/v2\/pages\/526","targetHints":{"allow":["GET"]}}],"collection":[{"href":"https:\/\/pelsoartapartmanok.hu\/de\/wp-json\/wp\/v2\/pages"}],"about":[{"href":"https:\/\/pelsoartapartmanok.hu\/de\/wp-json\/wp\/v2\/types\/page"}],"author":[{"embeddable":true,"href":"https:\/\/pelsoartapartmanok.hu\/de\/wp-json\/wp\/v2\/users\/1"}],"replies":[{"embeddable":true,"href":"https:\/\/pelsoartapartmanok.hu\/de\/wp-json\/wp\/v2\/comments?post=526"}],"version-history":[{"count":1,"href":"https:\/\/pelsoartapartmanok.hu\/de\/wp-json\/wp\/v2\/pages\/526\/revisions"}],"predecessor-version":[{"id":625,"href":"https:\/\/pelsoartapartmanok.hu\/de\/wp-json\/wp\/v2\/pages\/526\/revisions\/625"}],"wp:attachment":[{"href":"https:\/\/pelsoartapartmanok.hu\/de\/wp-json\/wp\/v2\/media?parent=526"}],"curies":[{"name":"wp","href":"https:\/\/api.w.org\/{rel}","templated":true}]}}